{"id":142,"date":"2015-06-04T21:43:51","date_gmt":"2015-06-04T21:43:51","guid":{"rendered":"http:\/\/sg-calw.de\/?page_id=142"},"modified":"2024-12-23T17:11:14","modified_gmt":"2024-12-23T16:11:14","slug":"links","status":"publish","type":"page","link":"https:\/\/sg-calw.de\/?page_id=142","title":{"rendered":"Links"},"content":{"rendered":"<h4>Schie\u00dfsport<\/h4>\n<p><a href=\"http:\/\/www.bdsnet.de\/\" target=\"_blank\" rel=\"noopener\">Bund Deutscher Sportsch\u00fctzen 1975 e.V.<\/a><\/p>\n<p><a href=\"https:\/\/www.gsvbw.de\/\" target=\"_blank\" rel=\"noopener\">Grosskaliber Sportsch\u00fctzen Verband Baden-W\u00fcrttemberg e.V.<\/a><\/p>\n<p><a href=\"http:\/\/www.dsb.de\/start\/\" target=\"_blank\" rel=\"noopener\">Deutscher Sch\u00fctzenBund e.V.<\/a><\/p>\n<p><a href=\"http:\/\/www.wsv1850.de\/\" target=\"_blank\" rel=\"noopener\">W\u00fcrttembergischer Sch\u00fctzenverband 1850 e.V.<\/a><\/p>\n<p><a href=\"http:\/\/www.schuetzen-calw.de\/\" target=\"_blank\" rel=\"noopener\">W\u00fcrttembergischer Sch\u00fctzenverband 1850 e.V. &#8211; Sch\u00fctzenkreis Calw<\/a><\/p>\n<h4>Sonstige<\/h4>\n<p><a href=\"https:\/\/www.calw.de\" target=\"_blank\" rel=\"noopener\">Stadt Calw<\/a><\/p>\n<p>&nbsp;<\/p>\n","protected":false},"excerpt":{"rendered":"<p>Schie\u00dfsport Bund Deutscher Sportsch\u00fctzen 1975 e.V. Grosskaliber Sportsch\u00fctzen Verband Baden-W\u00fcrttemberg e.V. Deutscher Sch\u00fctzenBund e.V. W\u00fcrttembergischer Sch\u00fctzenverband 1850 e.V. W\u00fcrttembergischer Sch\u00fctzenverband 1850 e.V. &#8211; Sch\u00fctzenkreis Calw Sonstige Stadt Calw &nbsp;<\/p>\n","protected":false},"author":1,"featured_media":0,"parent":0,"menu_order":0,"comment_status":"closed","ping_status":"closed","template":"","meta":{"footnotes":""},"class_list":["post-142","page","type-page","status-publish","hentry","entry"],"_links":{"self":[{"href":"https:\/\/sg-calw.de\/index.php?rest_route=\/wp\/v2\/pages\/142","targetHints":{"allow":["GET"]}}],"collection":[{"href":"https:\/\/sg-calw.de\/index.php?rest_route=\/wp\/v2\/pages"}],"about":[{"href":"https:\/\/sg-calw.de\/index.php?rest_route=\/wp\/v2\/types\/page"}],"author":[{"embeddable":true,"href":"https:\/\/sg-calw.de\/index.php?rest_route=\/wp\/v2\/users\/1"}],"replies":[{"embeddable":true,"href":"https:\/\/sg-calw.de\/index.php?rest_route=%2Fwp%2Fv2%2Fcomments&post=142"}],"version-history":[{"count":14,"href":"https:\/\/sg-calw.de\/index.php?rest_route=\/wp\/v2\/pages\/142\/revisions"}],"predecessor-version":[{"id":1338,"href":"https:\/\/sg-calw.de\/index.php?rest_route=\/wp\/v2\/pages\/142\/revisions\/1338"}],"wp:attachment":[{"href":"https:\/\/sg-calw.de\/index.php?rest_route=%2Fwp%2Fv2%2Fmedia&parent=142"}],"curies":[{"name":"wp","href":"https:\/\/api.w.org\/{rel}","templated":true}]}}