{"id":32,"date":"2015-05-30T14:47:30","date_gmt":"2015-05-30T14:47:30","guid":{"rendered":"http:\/\/sg-calw.de\/?page_id=32"},"modified":"2024-12-23T16:14:27","modified_gmt":"2024-12-23T15:14:27","slug":"verein","status":"publish","type":"page","link":"https:\/\/sg-calw.de\/?page_id=32","title":{"rendered":"Verein"},"content":{"rendered":"<p>Die Sch\u00fctzengesellschaft Calw 1794 e.V. ist ein Verein mit langer Tradition. Als Mitglied im <strong><a href=\"http:\/\/www.dsb.de\/start\/\" target=\"_blank\" rel=\"noopener\">Deutschen Sch\u00fctzenbund (DSB)<\/a><\/strong> bieten wir zahlreiche M\u00f6glichkeiten des Trainings mit Langwaffen oder Kurzwaffen. Hierbei ist es egal, ob Sie bereits \u00fcber Erfahrung verf\u00fcgen, oder als interessierter Neueinsteiger mit dem Schie\u00dfsport beginnen wollen.<\/p>\n<p>Unseren Mitgliedern stehen folgende modern ausgestattete Bahnen zur Verf\u00fcgung:<\/p>\n<p>15 Bahnen mit 25 m f\u00fcr Training Kurzwaffe<br \/>\n14 Bahnen mit 10 m f\u00fcr Training Luftpistole\/Luftgewehr<br \/>\n6 Bahnen mit 50 m f\u00fcr Training Langwaffe\/Freie Pistole<\/p>\n<p>Dem Sch\u00fctzennachwuchs steht unser erfahrener Jugendleiter Claus Calmbach mit Rat und Tat gerne zur Seite.<br \/>\nNach erfolgreichem Training nehmen sich unsere Mitglieder gerne noch die Zeit in geselliger Runde den Trainingstag ausklingen zu lassen.<\/p>\n<p>Genug der Worte, schauen Sie doch einfach einmal bei uns zu einem Probetraining vorbei, oder nehmen Sie mit uns Kontakt auf. Wir freuen uns auf Sie!<\/p>\n","protected":false},"excerpt":{"rendered":"<p>Die Sch\u00fctzengesellschaft Calw 1794 e.V. ist ein Verein mit langer Tradition. Als Mitglied im Deutschen Sch\u00fctzenbund (DSB) bieten wir zahlreiche M\u00f6glichkeiten des Trainings mit Langwaffen oder Kurzwaffen. Hierbei ist es egal, ob Sie bereits \u00fcber Erfahrung verf\u00fcgen, oder als interessierter Neueinsteiger mit dem Schie\u00dfsport beginnen wollen. Unseren Mitgliedern stehen folgende modern ausgestattete Bahnen zur Verf\u00fcgung: [&hellip;]<\/p>\n","protected":false},"author":1,"featured_media":0,"parent":0,"menu_order":0,"comment_status":"closed","ping_status":"closed","template":"","meta":{"footnotes":""},"class_list":["post-32","page","type-page","status-publish","hentry","entry"],"_links":{"self":[{"href":"https:\/\/sg-calw.de\/index.php?rest_route=\/wp\/v2\/pages\/32","targetHints":{"allow":["GET"]}}],"collection":[{"href":"https:\/\/sg-calw.de\/index.php?rest_route=\/wp\/v2\/pages"}],"about":[{"href":"https:\/\/sg-calw.de\/index.php?rest_route=\/wp\/v2\/types\/page"}],"author":[{"embeddable":true,"href":"https:\/\/sg-calw.de\/index.php?rest_route=\/wp\/v2\/users\/1"}],"replies":[{"embeddable":true,"href":"https:\/\/sg-calw.de\/index.php?rest_route=%2Fwp%2Fv2%2Fcomments&post=32"}],"version-history":[{"count":4,"href":"https:\/\/sg-calw.de\/index.php?rest_route=\/wp\/v2\/pages\/32\/revisions"}],"predecessor-version":[{"id":1336,"href":"https:\/\/sg-calw.de\/index.php?rest_route=\/wp\/v2\/pages\/32\/revisions\/1336"}],"wp:attachment":[{"href":"https:\/\/sg-calw.de\/index.php?rest_route=%2Fwp%2Fv2%2Fmedia&parent=32"}],"curies":[{"name":"wp","href":"https:\/\/api.w.org\/{rel}","templated":true}]}}