{"id":324,"date":"2015-12-10T21:30:09","date_gmt":"2015-12-10T21:30:09","guid":{"rendered":"http:\/\/sg-calw.de\/?page_id=324"},"modified":"2026-02-28T23:14:28","modified_gmt":"2026-02-28T22:14:28","slug":"veranstaltungen-2016","status":"publish","type":"page","link":"https:\/\/sg-calw.de\/?page_id=324","title":{"rendered":"Veranstaltungen"},"content":{"rendered":"\t\t<div data-elementor-type=\"wp-page\" data-elementor-id=\"324\" class=\"elementor elementor-324\">\n\t\t\t\t<div class=\"elementor-element elementor-element-2200b22 e-flex e-con-boxed e-con e-parent\" data-id=\"2200b22\" data-element_type=\"container\" data-e-type=\"container\">\n\t\t\t\t\t<div class=\"e-con-inner\">\n\t\t\t\t<div class=\"elementor-element elementor-element-71486d5 elementor-widget elementor-widget-text-editor\" data-id=\"71486d5\" data-element_type=\"widget\" data-e-type=\"widget\" data-widget_type=\"text-editor.default\">\n\t\t\t\t<div class=\"elementor-widget-container\">\n\t\t\t\t\t\t\t\t\t<p>Diverse Veranstaltungen pr\u00e4gen den Jahresablauf in der Sch\u00fctzengesellschaft Calw 1794 e.V.<\/p><p>Neben dem regelm\u00e4\u00dfigen Schie\u00dfbetrieb sind es gesellige Veranstaltung zur St\u00e4rkung der Sch\u00fctzenkameradschaft die unser Vereinsleben pr\u00e4gen. Dabei sind auch die monatlich stattfindenden &#8222;Frauenstammtische&#8220; f\u00fcr unsere Sch\u00fctzenfrauen\/-partnerinnen eine willkommene M\u00f6glichkeit sich \u00fcber Themen abseits des Schie\u00dfbetriebes auszutauschen.<\/p><p>Gelegentlich sind auch Arbeitsdienste notwendig um die Geb\u00e4ude und Anlagen zu unterhalten. Hierzu sind helfende H\u00e4nde immer gern gesehen!<\/p><p>Besonders hervorzuheben sind die Sch\u00fctzenhocketse und der Sch\u00fctzenausflug. Letzterer findet in der Regel alle zwei Jahre statt.<\/p><p>\u00dcberzeugen Sie sich gerne in unserer Termin\u00fcbersicht vom reichhaltigen Angebot<\/p>\t\t\t\t\t\t\t\t<\/div>\n\t\t\t\t<\/div>\n\t\t\t\t\t<\/div>\n\t\t\t\t<\/div>\n\t\t<div class=\"elementor-element elementor-element-2caef31 e-flex e-con-boxed e-con e-parent\" data-id=\"2caef31\" data-element_type=\"container\" data-e-type=\"container\">\n\t\t\t\t\t<div class=\"e-con-inner\">\n\t\t\t\t<div class=\"elementor-element elementor-element-94561e3 elementor-widget elementor-widget-heading\" data-id=\"94561e3\" data-element_type=\"widget\" data-e-type=\"widget\" data-widget_type=\"heading.default\">\n\t\t\t\t<div class=\"elementor-widget-container\">\n\t\t\t\t\t<h2 class=\"elementor-heading-title elementor-size-default\"><a href=\"https:\/\/sg-calw.de\/?p=1581\" target=\"_blank\">Zur Termin\u00fcbersicht hier klicken<\/a><\/h2>\t\t\t\t<\/div>\n\t\t\t\t<\/div>\n\t\t\t\t\t<\/div>\n\t\t\t\t<\/div>\n\t\t\t\t<\/div>\n\t\t","protected":false},"excerpt":{"rendered":"<p>Diverse Veranstaltungen pr\u00e4gen den Jahresablauf in der Sch\u00fctzengesellschaft Calw 1794 e.V. Neben dem regelm\u00e4\u00dfigen Schie\u00dfbetrieb sind es gesellige Veranstaltung zur St\u00e4rkung der Sch\u00fctzenkameradschaft die unser Vereinsleben pr\u00e4gen. Dabei sind auch die monatlich stattfindenden &#8222;Frauenstammtische&#8220; f\u00fcr unsere Sch\u00fctzenfrauen\/-partnerinnen eine willkommene M\u00f6glichkeit sich \u00fcber Themen abseits des Schie\u00dfbetriebes auszutauschen. Gelegentlich sind auch Arbeitsdienste notwendig um die Geb\u00e4ude [&hellip;]<\/p>\n","protected":false},"author":1,"featured_media":0,"parent":0,"menu_order":0,"comment_status":"closed","ping_status":"closed","template":"","meta":{"footnotes":""},"class_list":["post-324","page","type-page","status-publish","hentry","entry"],"_links":{"self":[{"href":"https:\/\/sg-calw.de\/index.php?rest_route=\/wp\/v2\/pages\/324","targetHints":{"allow":["GET"]}}],"collection":[{"href":"https:\/\/sg-calw.de\/index.php?rest_route=\/wp\/v2\/pages"}],"about":[{"href":"https:\/\/sg-calw.de\/index.php?rest_route=\/wp\/v2\/types\/page"}],"author":[{"embeddable":true,"href":"https:\/\/sg-calw.de\/index.php?rest_route=\/wp\/v2\/users\/1"}],"replies":[{"embeddable":true,"href":"https:\/\/sg-calw.de\/index.php?rest_route=%2Fwp%2Fv2%2Fcomments&post=324"}],"version-history":[{"count":48,"href":"https:\/\/sg-calw.de\/index.php?rest_route=\/wp\/v2\/pages\/324\/revisions"}],"predecessor-version":[{"id":1585,"href":"https:\/\/sg-calw.de\/index.php?rest_route=\/wp\/v2\/pages\/324\/revisions\/1585"}],"wp:attachment":[{"href":"https:\/\/sg-calw.de\/index.php?rest_route=%2Fwp%2Fv2%2Fmedia&parent=324"}],"curies":[{"name":"wp","href":"https:\/\/api.w.org\/{rel}","templated":true}]}}