{"id":35,"date":"2015-05-30T15:25:07","date_gmt":"2015-05-30T15:25:07","guid":{"rendered":"http:\/\/sg-calw.de\/?page_id=35"},"modified":"2025-02-02T15:31:52","modified_gmt":"2025-02-02T14:31:52","slug":"geschichte-der-schuetzengesellschaft-calw","status":"publish","type":"page","link":"https:\/\/sg-calw.de\/?page_id=35","title":{"rendered":"Geschichte und Chronik"},"content":{"rendered":"\n<p><strong>Zur Geschichte der Sch\u00fctzengesellschaft Calw 1794 e.V.<\/strong><\/p>\n\n\n<p>Die Sch\u00fctzengesellschaft Calw 1794 e.V. existiert seit weit \u00fcber 230 Jahren als Sportverein. Dies war zur Zeit ihrer Gr\u00fcndung etwas Einmaliges, da die Sch\u00fctzenvereine damals von der Obrigkeit dazu verwendet wurden, um Soldaten f\u00fcr das Milit\u00e4r an der Waffe auszubilden. In den folgenden drei Abs\u00e4tzen finden Sie die Pr\u00e4ambel unserer Satzung vom 29. Januar 1794 in ihrer damaligen Schreibweise.<\/p>\n<p><span style=\"color: #993366;\"><strong>Nachdeme ein gro\u00dfer Theil der hiesigen Innwonerschaft bey ihrem vorgesetzten Herzoglich Hochl\u00f6blichem Oberamt und Statt = Magistrat durch ein PROMEMORIA gebetten, da\u00df widerum wie es ehemalen gewesen ist, eine Sch\u00fczen = Gesellschaft allhier bestehen m\u00f6chte, damit die Burgern ge\u00fcbt werden mit Schie\u00df = Gew\u00f6hren umzugehen, und Hochl\u00f6bliches Ober = Amt und Statt = Magistrat dieses Ansinnen in so fern genehmiget hat, da\u00df die Bestehung einer neuen Sch\u00fczen = Gesellschaft zu Calw ohne Zuthun gn\u00e4digster Herrschaft oder der hiesigen Amtspfleg, sondern alleinig auf Kosten Einer Ehrsamen Sch\u00fczen = Gesellschaft statt haben, und Niemand zu dieser Gesellschaft, wie ehemalen gezwungen werden k\u00f6nne, sondern jedem freistehen m\u00fc\u00dfte, ob er dazu halten wolle, oder nicht.<\/strong><\/span><\/p>\n<p><span style=\"color: #993366;\"><strong>So hat man gegenw\u00e4rtige Ordnung und Artikul f\u00fcr die k\u00fcnftige freiwillige Sch\u00fczen = Gesellschaft unter Zuziehung einiger guter Sch\u00fczen und Adhibirung der Ordnungen von 1716 und 1743 nachstehendermasen verfa\u00dft. <\/strong><\/span><\/p>\n<p><span style=\"color: #993366;\"><strong>Da das Scheuben = Schie\u00dfen eine ehrlich-l\u00f6blich- und r\u00fchmlich = auch notwendig und n\u00fczliche Sache ist, wobei nicht nur gute Ordnung, sondern auch christliche Zucht und Ehrbarkeit gehalten, und dabei eine Ehrliebende Gesellschaft, bey welcher nichts ohehrbares, sch\u00e4ndliches oder sonsten str\u00e4fliches gastiren kann, unterhalten werden solle. Als wurde nachstehendes vestgesetzt, wonach die hiesige Sch\u00fczen sich p\u00fcnctlich zu halten haben.<\/strong><\/span><\/p>\n<p>Hierauf folgten die \u00a7 1-61 der Satzung.<\/p>\n\n\n<p><strong>M\u00f6chten Sie weitere Informationen zu unserer Geschichte erfahren, k\u00f6nnen Sie diese in unseren zwei Vereinschroniken erhalten:<\/strong><\/p>\n\n\n\n<figure class=\"wp-block-table\"><table class=\"has-fixed-layout\"><tbody><tr><td><a href=\"https:\/\/sg-calw.de\/wp-content\/uploads\/2025\/02\/Chronik_SGCW_1_bis-1979.pdf\" target=\"_blank\" rel=\"noreferrer noopener\"><strong>Chronik 1: Sonderdruck 01. M\u00e4rz 1980<\/strong><\/a><\/td><td>Eine Selbstdarststellung von 1461 bis 1979 und Chronik bis 1944 der Sch\u00fctzengesellschaft Calw 1794 e.V. anl\u00e4sslich der Ausstellung &#8222;Sport in Calw&#8220;<\/td><\/tr><tr><td><a href=\"https:\/\/sg-calw.de\/wp-content\/uploads\/2025\/02\/Chronik_SGCW_2_bis-1994.pdf\"><strong>Chronik 2: 200 Jahre Sport und Tradition<\/strong><\/a><\/td><td>Zum 200j\u00e4hrigen Bestehen der Sch\u00fctzengesellschaft Calw 1794 e.V. eine Festschrift und Chronik 25.\/26. Juni 1994<\/td><\/tr><\/tbody><\/table><\/figure>\n\n\n\n<p><\/p>\n","protected":false},"excerpt":{"rendered":"<p>Zur Geschichte der Sch\u00fctzengesellschaft Calw 1794 e.V. Die Sch\u00fctzengesellschaft Calw 1794 e.V. existiert seit weit \u00fcber 230 Jahren als Sportverein. Dies war zur Zeit ihrer Gr\u00fcndung etwas Einmaliges, da die Sch\u00fctzenvereine damals von der Obrigkeit dazu verwendet wurden, um Soldaten f\u00fcr das Milit\u00e4r an der Waffe auszubilden. In den folgenden drei Abs\u00e4tzen finden Sie die [&hellip;]<\/p>\n","protected":false},"author":1,"featured_media":0,"parent":0,"menu_order":0,"comment_status":"closed","ping_status":"closed","template":"","meta":{"footnotes":""},"class_list":["post-35","page","type-page","status-publish","hentry","entry"],"_links":{"self":[{"href":"https:\/\/sg-calw.de\/index.php?rest_route=\/wp\/v2\/pages\/35","targetHints":{"allow":["GET"]}}],"collection":[{"href":"https:\/\/sg-calw.de\/index.php?rest_route=\/wp\/v2\/pages"}],"about":[{"href":"https:\/\/sg-calw.de\/index.php?rest_route=\/wp\/v2\/types\/page"}],"author":[{"embeddable":true,"href":"https:\/\/sg-calw.de\/index.php?rest_route=\/wp\/v2\/users\/1"}],"replies":[{"embeddable":true,"href":"https:\/\/sg-calw.de\/index.php?rest_route=%2Fwp%2Fv2%2Fcomments&post=35"}],"version-history":[{"count":16,"href":"https:\/\/sg-calw.de\/index.php?rest_route=\/wp\/v2\/pages\/35\/revisions"}],"predecessor-version":[{"id":1515,"href":"https:\/\/sg-calw.de\/index.php?rest_route=\/wp\/v2\/pages\/35\/revisions\/1515"}],"wp:attachment":[{"href":"https:\/\/sg-calw.de\/index.php?rest_route=%2Fwp%2Fv2%2Fmedia&parent=35"}],"curies":[{"name":"wp","href":"https:\/\/api.w.org\/{rel}","templated":true}]}}