{"id":48,"date":"2015-05-30T21:49:02","date_gmt":"2015-05-30T21:49:02","guid":{"rendered":"http:\/\/sg-calw.de\/?page_id=48"},"modified":"2016-12-18T18:36:30","modified_gmt":"2016-12-18T18:36:30","slug":"willkommen","status":"publish","type":"page","link":"https:\/\/sg-calw.de\/","title":{"rendered":"Willkommen"},"content":{"rendered":"<p style=\"text-align: center;\">Gut Schuss!<\/p>\n<p style=\"text-align: center;\">Verehrte G\u00e4ste, liebe Kameradinnen und Kameraden, wir begr\u00fc\u00dfen Sie recht herzlich auf der Hompage der Sch\u00fctzengesellschaft Calw 1794 e.V.<\/p>\n<p style=\"text-align: center;\">Der Vorstand<\/p>\n<p class=\"hide-if-no-js\"><a href=\"https:\/\/sg-calw.de\/wp-content\/uploads\/2015\/05\/102_1663.jpg\"><img fetchpriority=\"high\" decoding=\"async\" class=\"alignnone size-full wp-image-180\" src=\"https:\/\/sg-calw.de\/wp-content\/uploads\/2015\/05\/102_1663.jpg\" alt=\"\" width=\"3072\" height=\"2304\" srcset=\"https:\/\/sg-calw.de\/wp-content\/uploads\/2015\/05\/102_1663.jpg 3072w, https:\/\/sg-calw.de\/wp-content\/uploads\/2015\/05\/102_1663-300x225.jpg 300w, https:\/\/sg-calw.de\/wp-content\/uploads\/2015\/05\/102_1663-1024x768.jpg 1024w\" sizes=\"(max-width: 3072px) 100vw, 3072px\" \/><\/a><\/p>\n<p class=\"hide-if-no-js\" style=\"text-align: center;\"><em>\u00a0<\/em><\/p>\n","protected":false},"excerpt":{"rendered":"<p>Gut Schuss! Verehrte G\u00e4ste, liebe Kameradinnen und Kameraden, wir begr\u00fc\u00dfen Sie recht herzlich auf der Hompage der Sch\u00fctzengesellschaft Calw 1794 e.V. Der Vorstand \u00a0<\/p>\n","protected":false},"author":1,"featured_media":0,"parent":0,"menu_order":0,"comment_status":"closed","ping_status":"closed","template":"","meta":{"footnotes":""},"class_list":["post-48","page","type-page","status-publish","hentry","entry"],"_links":{"self":[{"href":"https:\/\/sg-calw.de\/index.php?rest_route=\/wp\/v2\/pages\/48","targetHints":{"allow":["GET"]}}],"collection":[{"href":"https:\/\/sg-calw.de\/index.php?rest_route=\/wp\/v2\/pages"}],"about":[{"href":"https:\/\/sg-calw.de\/index.php?rest_route=\/wp\/v2\/types\/page"}],"author":[{"embeddable":true,"href":"https:\/\/sg-calw.de\/index.php?rest_route=\/wp\/v2\/users\/1"}],"replies":[{"embeddable":true,"href":"https:\/\/sg-calw.de\/index.php?rest_route=%2Fwp%2Fv2%2Fcomments&post=48"}],"version-history":[{"count":10,"href":"https:\/\/sg-calw.de\/index.php?rest_route=\/wp\/v2\/pages\/48\/revisions"}],"predecessor-version":[{"id":624,"href":"https:\/\/sg-calw.de\/index.php?rest_route=\/wp\/v2\/pages\/48\/revisions\/624"}],"wp:attachment":[{"href":"https:\/\/sg-calw.de\/index.php?rest_route=%2Fwp%2Fv2%2Fmedia&parent=48"}],"curies":[{"name":"wp","href":"https:\/\/api.w.org\/{rel}","templated":true}]}}