{"id":583,"date":"2016-08-07T19:47:58","date_gmt":"2016-08-07T19:47:58","guid":{"rendered":"http:\/\/sg-calw.de\/?page_id=583"},"modified":"2025-02-02T15:20:05","modified_gmt":"2025-02-02T14:20:05","slug":"mitgliedsantrag","status":"publish","type":"page","link":"https:\/\/sg-calw.de\/?page_id=583","title":{"rendered":"Mitglied werden"},"content":{"rendered":"\n<h1 class=\"wp-block-heading\">Mitglied werden<\/h1>\n\n\n\n<p>Es freuet uns sehr, dass Sie Interesse an einer Mitgliedschaft bei uns haben!<br>Wir empfehlen Ihnen vor dem Antrag einer Mitgliedschaft die M\u00f6glichkeit in Anspruch zu nehmen uns ein paar Mal vorher zu besuchen und am Trainings oder dem freien Schie\u00dfen teil zu nehmen. Dies bietet gute M\u00f6glichkeit mit der Vorstandschaft und anderen ins Gespr\u00e4ch zu kommen, sich einen ersten Eindruck vom Verein und dem Schie\u00dfsport zu verschaffen und dann eine Entscheidung herbeizuf\u00fchren.<\/p>\n\n\n\n<p>Haben Sie sich bereits entschieden finden Sie nachstehend die erforderlichen Informationen und das Beitrittsformular.<\/p>\n\n\n\n<figure class=\"wp-block-table\"><table><tbody><tr><td><strong>Beitragskategorie<\/strong><\/td><td><strong>Jahresbeitrag<\/strong><\/td><td><strong>Aufnahmegeb\u00fchr<\/strong><\/td><\/tr><tr><td>Ehepaare \/ eingetragene Lebensgemeinschaft<br><sub>mit\/ohne minderj\u00e4hrige Kinder<\/sub><\/td><td>155\u20ac<\/td><td>155\u20ac<\/td><\/tr><tr><td>Einzelmitglied (vollj\u00e4hrig)<\/td><td>110\u20ac<\/td><td>110\u20ac<\/td><\/tr><tr><td>Zweitmitgliedschaft <br><sub>(Mitglied anderer Sch\u00fctzenvereine)<\/sub><\/td><td>75\u20ac<\/td><td>75\u20ac<\/td><\/tr><tr><td>Erm\u00e4\u00dfigter Beitrag<br><sub>(Student, Azubi, Zivi, Wehrpflichtiger)<\/sub><\/td><td>50\u20ac<\/td><td>50\u20ac<\/td><\/tr><tr><td>Jugendliche (minderj\u00e4hrig)<\/td><td>25\u20ac<\/td><td>entf\u00e4llt<\/td><\/tr><tr><td>Zus\u00e4tzlich BDS bitte ankreuzen <br>Erstverein O \/ Zweitverein O<\/td><td>35\u20ac \/ 20\u20ac<\/td><td>entf\u00e4llt<\/td><\/tr><\/tbody><\/table><\/figure>\n\n\n\n<p><\/p>\n\n\n\n<p><strong>N\u00e4heres regelt unsere Beitragsordnung<\/strong>: <a href=\"https:\/\/sg-calw.de\/wp-content\/uploads\/2025\/02\/20250125_Beitragsordnung.pdf\" target=\"_blank\" rel=\"noreferrer noopener\"><strong>(hier herunterladen)<\/strong><\/a><\/p>\n\n\n\n<p>F\u00fcr eine Mitgliedschaft f\u00fcllen Sie bitte die nachstehenden Formulare aus und geben Sie diese im Sch\u00fctzenhaus bei einem Vorstandsmitglied ab.<\/p>\n\n\n\n<figure class=\"wp-block-table\"><table class=\"has-fixed-layout\"><tbody><tr><td class=\"has-text-align-center\" data-align=\"center\"><strong><a href=\"https:\/\/sg-calw.de\/wp-content\/uploads\/2025\/02\/20250125_Mitgliedsantrag_SGCW.pdf\" target=\"_blank\" rel=\"noreferrer noopener\">Mitgliedsantrag<\/a><\/strong><\/td><td class=\"has-text-align-center\" data-align=\"center\"><strong><a href=\"https:\/\/sg-calw.de\/wp-content\/uploads\/2025\/02\/20240916_SGCW_SEPA-Mandat.pdf\" target=\"_blank\" rel=\"noreferrer noopener\">SEPA-Lastschriftmandat<\/a><\/strong><\/td><td class=\"has-text-align-center\" data-align=\"center\"><strong><a href=\"https:\/\/sg-calw.de\/wp-content\/uploads\/2025\/02\/20240402_Datenschutz_Merkblatt.pdf\" target=\"_blank\" rel=\"noreferrer noopener\">Datenschutzrichtlinien <br>gem\u00e4\u00df DSGVO<\/a><\/strong><\/td><\/tr><\/tbody><\/table><\/figure>\n\n\n\n<p>F\u00fcr die Aufnahme minderj\u00e4hriger Mitglieder ist zus\u00e4tzlich die Einverst\u00e4ndniserkl\u00e4rung nach \u00a727 WaffG der &#8222;Deutschen Sch\u00fctzen Jugend (DSJ) erforderlich: <strong><a href=\"https:\/\/sg-calw.de\/wp-content\/uploads\/2025\/02\/20240101_DSJ_Einverstaendnis.pdf\" target=\"_blank\" rel=\"noreferrer noopener\">(hier herunterladen)<\/a><\/strong><\/p>\n\n\n\n<p><\/p>\n","protected":false},"excerpt":{"rendered":"<p>Mitglied werden Es freuet uns sehr, dass Sie Interesse an einer Mitgliedschaft bei uns haben!Wir empfehlen Ihnen vor dem Antrag einer Mitgliedschaft die M\u00f6glichkeit in Anspruch zu nehmen uns ein paar Mal vorher zu besuchen und am Trainings oder dem freien Schie\u00dfen teil zu nehmen. Dies bietet gute M\u00f6glichkeit mit der Vorstandschaft und anderen ins [&hellip;]<\/p>\n","protected":false},"author":1,"featured_media":0,"parent":0,"menu_order":0,"comment_status":"closed","ping_status":"closed","template":"","meta":{"footnotes":""},"class_list":["post-583","page","type-page","status-publish","hentry","entry"],"_links":{"self":[{"href":"https:\/\/sg-calw.de\/index.php?rest_route=\/wp\/v2\/pages\/583","targetHints":{"allow":["GET"]}}],"collection":[{"href":"https:\/\/sg-calw.de\/index.php?rest_route=\/wp\/v2\/pages"}],"about":[{"href":"https:\/\/sg-calw.de\/index.php?rest_route=\/wp\/v2\/types\/page"}],"author":[{"embeddable":true,"href":"https:\/\/sg-calw.de\/index.php?rest_route=\/wp\/v2\/users\/1"}],"replies":[{"embeddable":true,"href":"https:\/\/sg-calw.de\/index.php?rest_route=%2Fwp%2Fv2%2Fcomments&post=583"}],"version-history":[{"count":14,"href":"https:\/\/sg-calw.de\/index.php?rest_route=\/wp\/v2\/pages\/583\/revisions"}],"predecessor-version":[{"id":1509,"href":"https:\/\/sg-calw.de\/index.php?rest_route=\/wp\/v2\/pages\/583\/revisions\/1509"}],"wp:attachment":[{"href":"https:\/\/sg-calw.de\/index.php?rest_route=%2Fwp%2Fv2%2Fmedia&parent=583"}],"curies":[{"name":"wp","href":"https:\/\/api.w.org\/{rel}","templated":true}]}}