{"id":826,"date":"2018-02-23T15:13:27","date_gmt":"2018-02-23T15:13:27","guid":{"rendered":"http:\/\/sg-calw.de\/?page_id=826"},"modified":"2018-02-23T15:20:37","modified_gmt":"2018-02-23T15:20:37","slug":"waffenrechtliche-begriffe","status":"publish","type":"page","link":"https:\/\/sg-calw.de\/?page_id=826","title":{"rendered":"Waffenrechtliche Begriffe"},"content":{"rendered":"<h3><strong>Im Sinne des Gesetzes<\/strong><\/h3>\n<p><strong>Erwirbt:<\/strong> eine Waffe oder Munition, wer die tats\u00e4chliche Gewalt dar\u00fcber erlangt<\/p>\n<p><strong>Besitzt:<\/strong> eine Waffe oder Munition, wer die tats\u00e4chliche Gewalt dar\u00fcber aus\u00fcbt<\/p>\n<p><strong>\u00dcberl\u00e4sst:<\/strong> eine Waffe oder Munition, wer die tats\u00e4chliche Gewalt dar\u00fcber einem anderen einr\u00e4umt<\/p>\n<p><strong>F\u00fchrt:<\/strong> eine Waffe, wer die tats\u00e4chliche Gewalt dar\u00fcber au\u00dferhalb der eigenen Wohnung, Gesch\u00e4ftsr\u00e4ume, des eigenen befriedeten Besitztums oder der Schie\u00dfst\u00e4tte aus\u00fcbt<\/p>\n<p><strong>Verbringt:<\/strong> eine Waffe oder Munition, wer diese Waffe oder Munition \u00fcber die Grenze zum dortigen Verbleib oder mit dem Ziel des Besitzwechsels in den, durch den oder aus dem Geltungsbereich des Gesetzes zu einer anderen Person oder zu sich selbst transportieren l\u00e4sst oder selbst transportiert<\/p>\n<p><strong>Nimmt mit:<\/strong> nimmt eine Waffe oder Munition mit, wer diese Waffe oder Munition vor\u00fcbergehend auf einer Reise ohne Aufgabe des Besitzes zur Verwendung \u00fcber die Grenze in den, durch den oder aus dem Geltungsbereiches des Gesetzes bringt<\/p>\n<p><strong>Schie\u00dft:<\/strong> wer mit einer Schusswaffe Geschosse durch den Lauf verschie\u00dft, Kartuschenmunition abschie\u00dft, mit Patronen- oder Kartuschenmunition Reiz- oder andere Wirkstoffe verschie\u00dft oder pyrotechnische Munition verschie\u00dft<\/p>\n<p><strong>Herstellt:<\/strong> Waffen oder Munition werden hergestellt, wenn aus Rohteilen oder Materialien ein Endprodukt oder wesentliche Teile eines Endproduktes erzeugt werden, als Herstellen von Munition gilt auch das Wiederladen von H\u00fclsen<\/p>\n<p><strong>Bearbeitet oder Instandsetzt:<\/strong> eine Schusswaffe wird bearbeitet, wenn sie verk\u00fcrzt, in der Schussfolge ver\u00e4ndert oder so ge\u00e4ndert wird, dass andere Munition oder Geschosse anderer Kaliber aus ihr verschossen werden k\u00f6nnen oder wenn wesentliche Teile, zu deren Einpassung eine Nacharbeit erforderlich ist, ausgetauscht werden<\/p>\n<p><span style=\"color: #ff0000;\">Achtung: Waffe muss neu beschossen werden vom Beschussamt<\/span><\/p>\n<p>eine Schusswaffe wird weder bearbeitet noch instandgesetzt, wenn lediglich geringf\u00fcgige \u00c4nderungen, insbesondere am Schaft oder an der Zieleinrichtung, vorgenommen werden<\/p>\n<p><span style=\"color: #ff0000;\">Achtung: Waffe muss nicht neu beschossen werden<\/span><\/p>\n<p>&nbsp;<\/p>\n<p><strong>Eine Waffe gilt als<\/strong><\/p>\n<p><strong>Schussbereit:<\/strong> wenn sie geladen ist, d.h., dass Munition oder Geschosse in der Trommel, im in der Waffe eingef\u00fcgtem Magazin oder im Patronen \u2013 oder Geschosslager sind, auch wenn sie nicht gespannt ist<\/p>\n<p><strong>Zugriffsbereit:<\/strong> ist eine Waffe, wenn sie unmittelbar in Anschlag gebracht werden kann, sie ist nicht zugriffsbereit, wenn sie in einem verschlossenen Beh\u00e4ltnis mitgef\u00fchrt wird<\/p>\n<p>&nbsp;<\/p>\n<p>Quelle: www.wsv1850.de<\/p>\n","protected":false},"excerpt":{"rendered":"<p>Im Sinne des Gesetzes Erwirbt: eine Waffe oder Munition, wer die tats\u00e4chliche Gewalt dar\u00fcber erlangt Besitzt: eine Waffe oder Munition, wer die tats\u00e4chliche Gewalt dar\u00fcber aus\u00fcbt \u00dcberl\u00e4sst: eine Waffe oder Munition, wer die tats\u00e4chliche Gewalt dar\u00fcber einem anderen einr\u00e4umt F\u00fchrt: eine Waffe, wer die tats\u00e4chliche Gewalt dar\u00fcber au\u00dferhalb der eigenen Wohnung, Gesch\u00e4ftsr\u00e4ume, des eigenen befriedeten [&hellip;]<\/p>\n","protected":false},"author":1,"featured_media":0,"parent":0,"menu_order":0,"comment_status":"closed","ping_status":"closed","template":"","meta":{"footnotes":""},"class_list":["post-826","page","type-page","status-publish","hentry","entry"],"_links":{"self":[{"href":"https:\/\/sg-calw.de\/index.php?rest_route=\/wp\/v2\/pages\/826","targetHints":{"allow":["GET"]}}],"collection":[{"href":"https:\/\/sg-calw.de\/index.php?rest_route=\/wp\/v2\/pages"}],"about":[{"href":"https:\/\/sg-calw.de\/index.php?rest_route=\/wp\/v2\/types\/page"}],"author":[{"embeddable":true,"href":"https:\/\/sg-calw.de\/index.php?rest_route=\/wp\/v2\/users\/1"}],"replies":[{"embeddable":true,"href":"https:\/\/sg-calw.de\/index.php?rest_route=%2Fwp%2Fv2%2Fcomments&post=826"}],"version-history":[{"count":4,"href":"https:\/\/sg-calw.de\/index.php?rest_route=\/wp\/v2\/pages\/826\/revisions"}],"predecessor-version":[{"id":830,"href":"https:\/\/sg-calw.de\/index.php?rest_route=\/wp\/v2\/pages\/826\/revisions\/830"}],"wp:attachment":[{"href":"https:\/\/sg-calw.de\/index.php?rest_route=%2Fwp%2Fv2%2Fmedia&parent=826"}],"curies":[{"name":"wp","href":"https:\/\/api.w.org\/{rel}","templated":true}]}}