{"id":932,"date":"2018-12-09T22:04:42","date_gmt":"2018-12-09T22:04:42","guid":{"rendered":"http:\/\/sg-calw.de\/?page_id=932"},"modified":"2026-02-28T20:59:47","modified_gmt":"2026-02-28T19:59:47","slug":"schuetzenzeitung","status":"publish","type":"page","link":"https:\/\/sg-calw.de\/?page_id=932","title":{"rendered":"Sch\u00fctzenzeitung"},"content":{"rendered":"\n<p>Alle zwei Monate erscheint unsere Sch\u00fctzenzeitung mit den neuesten Nachrichten des Vereins, aktuellen Informationen zum Vereinsleben und den Ergebnislisten der letzten Wettk\u00e4mpfe. Anregungen dazu k\u00f6nnen unter <a href=\"mailto:pressewart@sg-calw.de\">pressewart@sg-calw.de<\/a> eingereicht werden.<\/p>\n\n\n\n<h2 class=\"wp-block-heading\">2026<\/h2>\n\n\n\n<figure class=\"wp-block-table\"><table class=\"has-fixed-layout\"><tbody><tr><td><a href=\"https:\/\/sg-calw.de\/wp-content\/uploads\/2026\/02\/2026-01.pdf\" target=\"_blank\" rel=\"noreferrer noopener\">Sch\u00fctzenzeitung Nr. 1\/2026<\/a><\/td><td>noch nicht erschienen<\/td><td>noch nicht erschienen<\/td><\/tr><tr><td>noch nicht erschienen<\/td><td>noch nicht erschienen<\/td><td>noch nicht erschienen<\/td><\/tr><\/tbody><\/table><\/figure>\n\n\n\n<h2 class=\"wp-block-heading\">2025<\/h2>\n\n\n\n<figure class=\"wp-block-table\"><table class=\"has-fixed-layout\"><tbody><tr><td><a href=\"https:\/\/sg-calw.de\/wp-content\/uploads\/2025\/03\/2025-01.pdf\" target=\"_blank\" rel=\"noreferrer noopener\">Sch\u00fctzenzeitung Nr. 1\/2025<\/a><\/td><td><a href=\"https:\/\/sg-calw.de\/wp-content\/uploads\/2025\/07\/2025-02.pdf\" data-type=\"link\" data-id=\"https:\/\/sg-calw.de\/wp-content\/uploads\/2025\/07\/2025-02.pdf\" target=\"_blank\" rel=\"noreferrer noopener\">Sch\u00fctzenzeitung Nr. 2\/2025<\/a><\/td><td><a href=\"https:\/\/sg-calw.de\/wp-content\/uploads\/2025\/07\/2025-03.pdf\" data-type=\"link\" data-id=\"https:\/\/sg-calw.de\/wp-content\/uploads\/2025\/07\/2025-03.pdf\" target=\"_blank\" rel=\"noreferrer noopener\">Sch\u00fctzenzeitung Nr. 3\/2025<\/a><\/td><\/tr><tr><td><a href=\"https:\/\/sg-calw.de\/wp-content\/uploads\/2025\/08\/2025-04.pdf\" data-type=\"link\" data-id=\"https:\/\/sg-calw.de\/wp-content\/uploads\/2025\/08\/2025-04.pdf\" target=\"_blank\" rel=\"noreferrer noopener\">Sch\u00fctzenzeitung Nr. 4\/2025<\/a><\/td><td><a href=\"https:\/\/sg-calw.de\/wp-content\/uploads\/2026\/02\/2025-05.pdf\" target=\"_blank\" rel=\"noreferrer noopener\">Sch\u00fctzenzeitung Nr. 5\/2025<\/a><\/td><td><a href=\"https:\/\/sg-calw.de\/wp-content\/uploads\/2026\/02\/2025-06.pdf\" target=\"_blank\" rel=\"noreferrer noopener\">Sch\u00fctzenzeitung Nr. 6\/2025<\/a><\/td><\/tr><\/tbody><\/table><\/figure>\n\n\n\n<h2 class=\"wp-block-heading\">2024<\/h2>\n\n\n\n<figure class=\"wp-block-table\"><table class=\"has-fixed-layout\"><tbody><tr><td><a href=\"https:\/\/sg-calw.de\/wp-content\/uploads\/2024\/07\/2024-01.pdf\" target=\"_blank\" rel=\"noreferrer noopener\">Sch\u00fctzenzeitung Nr. 1\/2024<\/a><\/td><td><a href=\"https:\/\/sg-calw.de\/wp-content\/uploads\/2024\/07\/2024-02.pdf\" target=\"_blank\" rel=\"noreferrer noopener\">Sch\u00fctzenzeitung Nr. 2\/2024<\/a><\/td><td><a href=\"https:\/\/sg-calw.de\/wp-content\/uploads\/2024\/07\/2024-03.pdf\" target=\"_blank\" rel=\"noreferrer noopener\">Sch\u00fctzenzeitung Nr. 3\/2024<\/a><\/td><\/tr><tr><td><a href=\"https:\/\/sg-calw.de\/wp-content\/uploads\/2024\/12\/2024-04.pdf\">Sch\u00fctzenzeitung Nr. 4\/2024<\/a><\/td><td><a href=\"https:\/\/sg-calw.de\/wp-content\/uploads\/2024\/12\/2024-05.pdf\">Sch\u00fctzenzeitung Nr. 5\/2024<\/a><\/td><td><a href=\"https:\/\/sg-calw.de\/wp-content\/uploads\/2024\/12\/2024-06.pdf\">Sch\u00fctzenzeitung Nr. 6\/2024<\/a><\/td><\/tr><\/tbody><\/table><\/figure>\n\n\n\n<p>\u00c4ltere Ausgabe (sofern vorhanden) k\u00f6nnen \u00fcber den Webmaster angefordert werden:<br><a href=\"mailto:webmaster@sg-calw.de\">webmaster@sg-calw.de<\/a> <\/p>\n\n\n\n<p><\/p>\n","protected":false},"excerpt":{"rendered":"<p>Alle zwei Monate erscheint unsere Sch\u00fctzenzeitung mit den neuesten Nachrichten des Vereins, aktuellen Informationen zum Vereinsleben und den Ergebnislisten der letzten Wettk\u00e4mpfe. Anregungen dazu k\u00f6nnen unter pressewart@sg-calw.de eingereicht werden. 2026 Sch\u00fctzenzeitung Nr. 1\/2026 noch nicht erschienen noch nicht erschienen noch nicht erschienen noch nicht erschienen noch nicht erschienen 2025 Sch\u00fctzenzeitung Nr. 1\/2025 Sch\u00fctzenzeitung Nr. 2\/2025 [&hellip;]<\/p>\n","protected":false},"author":1,"featured_media":0,"parent":0,"menu_order":0,"comment_status":"closed","ping_status":"closed","template":"","meta":{"footnotes":""},"class_list":["post-932","page","type-page","status-publish","hentry","entry"],"_links":{"self":[{"href":"https:\/\/sg-calw.de\/index.php?rest_route=\/wp\/v2\/pages\/932","targetHints":{"allow":["GET"]}}],"collection":[{"href":"https:\/\/sg-calw.de\/index.php?rest_route=\/wp\/v2\/pages"}],"about":[{"href":"https:\/\/sg-calw.de\/index.php?rest_route=\/wp\/v2\/types\/page"}],"author":[{"embeddable":true,"href":"https:\/\/sg-calw.de\/index.php?rest_route=\/wp\/v2\/users\/1"}],"replies":[{"embeddable":true,"href":"https:\/\/sg-calw.de\/index.php?rest_route=%2Fwp%2Fv2%2Fcomments&post=932"}],"version-history":[{"count":49,"href":"https:\/\/sg-calw.de\/index.php?rest_route=\/wp\/v2\/pages\/932\/revisions"}],"predecessor-version":[{"id":1580,"href":"https:\/\/sg-calw.de\/index.php?rest_route=\/wp\/v2\/pages\/932\/revisions\/1580"}],"wp:attachment":[{"href":"https:\/\/sg-calw.de\/index.php?rest_route=%2Fwp%2Fv2%2Fmedia&parent=932"}],"curies":[{"name":"wp","href":"https:\/\/api.w.org\/{rel}","templated":true}]}}